{"id":10927,"date":"2026-03-10T11:59:42","date_gmt":"2026-03-10T10:59:42","guid":{"rendered":"https:\/\/robert-moreno.es\/politique-de-cookies\/"},"modified":"2026-03-10T12:02:30","modified_gmt":"2026-03-10T11:02:30","slug":"politique-de-cookies","status":"publish","type":"page","link":"https:\/\/robert-moreno.es\/fr\/politique-de-cookies\/","title":{"rendered":"Politique de cookies"},"content":{"rendered":"\t\t<div data-elementor-type=\"wp-page\" data-elementor-id=\"10927\" class=\"elementor elementor-10927 elementor-10918\" data-elementor-post-type=\"page\">\n\t\t\t\t<div class=\"elementor-element elementor-element-5cf1a880 e-flex e-con-boxed e-con e-parent\" data-id=\"5cf1a880\" data-element_type=\"container\" data-e-type=\"container\">\n\t\t\t\t\t<div class=\"e-con-inner\">\n\t\t\t\t<div class=\"elementor-element elementor-element-43a3bbd0 elementor-widget elementor-widget-text-editor\" data-id=\"43a3bbd0\" data-element_type=\"widget\" data-e-type=\"widget\" data-widget_type=\"text-editor.default\">\n\t\t\t\t\t\t\t\t\t<div class=\"elementor-container\"><h1>Politique de cookies<\/h1><h2>1. Que sont les cookies ?<\/h2><p>Les cookies sont de petits fichiers texte que les sites web t\u00e9l\u00e9chargent sur l\u2019appareil de l\u2019utilisateur<br>(ordinateur, smartphone ou tablette) lors de la navigation, afin de stocker et de r\u00e9cup\u00e9rer des informations sur la<br>navigation ou les pr\u00e9f\u00e9rences de l\u2019utilisateur et de garantir le fonctionnement du site.<\/p><h2>2. Types de cookies utilis\u00e9s sur ce site<\/h2><p>Ce site web utilise les types de cookies suivants :<\/p><ul><li><strong>Cookies techniques :<\/strong> n\u00e9cessaires \u00e0 la navigation et au bon fonctionnement du site<br>web (session, acc\u00e8s, s\u00e9curit\u00e9).<\/li><li><strong>Cookies d\u2019analyse :<\/strong> ils permettent de mesurer et d\u2019analyser statistiquement le comportement des<br>utilisateurs sur le site web (ex. : Google Analytics) afin d\u2019apporter des am\u00e9liorations bas\u00e9es sur l\u2019analyse de<br>l\u2019utilisation.<\/li><li><strong>Cookies de personnalisation :<\/strong> ils permettent de m\u00e9moriser des informations techniques, de sorte que le<br>service soit fourni \u00e0 l\u2019utilisateur avec certaines caract\u00e9ristiques qui diff\u00e9rencient son exp\u00e9rience de celle des<br>autres utilisateurs (par ex. la langue par d\u00e9faut comme dans le cas de WPML).<\/li><\/ul><h2>3. Gestion et d\u00e9sactivation des cookies<\/h2><p>L\u2019utilisateur peut r\u00e9voquer son consentement ou configurer son navigateur \u00e0 tout moment pour refuser totalement<br>ou partiellement l\u2019installation de cookies ou pour exiger une confirmation avant leur installation. La<br>d\u00e9sactivation pourrait affecter le bon fonctionnement de certaines sections ou fonctionnalit\u00e9s du site<br>web. <\/p><p>Vous trouverez ci-dessous des informations sur la gestion et la suppression des cookies dans les principaux<br>navigateurs :<\/p><ul><li><strong>Google Chrome :<\/strong> <a href=\"https:\/\/support.google.com\/chrome\/answer\/95647\" target=\"_blank\" rel=\"noopener\">Aller sur le support Google<\/a><\/li><li><strong>Mozilla Firefox :<\/strong> <a href=\"https:\/\/support.mozilla.org\/es\/kb\/habilitar-y-deshabilitar-cookies-sitios-web-rastrear-preferencias\" target=\"_blank\" rel=\"noopener\">Aller sur le support Mozilla<\/a><\/li><li><strong>Safari :<\/strong> <a href=\"https:\/\/support.apple.com\/es-es\/guide\/safari\/sfri11471\/mac\" target=\"_blank\" rel=\"noopener\">Aller sur le support Apple<\/a><\/li><li><strong>Microsoft Edge :<\/strong> <a href=\"https:\/\/support.microsoft.com\/es-es\/microsoft-edge\/eliminar-las-cookies-en-microsoft-edge-63947406-40ac-c3b8-57b9-2a946a29ae09\" target=\"_blank\" rel=\"noopener\">Aller sur le support Microsoft<\/a><\/li><\/ul><h2>4. Mise \u00e0 jour de la politique<\/h2><p>Il est possible que nous mettions \u00e0 jour la politique de cookies de ce site web ; c\u2019est pourquoi nous vous recommandons de consulter cette<br>politique chaque fois que vous acc\u00e9dez au site web afin d\u2019\u00eatre correctement inform\u00e9 sur la mani\u00e8re dont nous utilisons les cookies et \u00e0<br>quelles fins.<\/p><\/div><p> <\/p>\t\t\t\t\t\t\t\t<\/div>\n\t\t\t\t\t<\/div>\n\t\t\t\t<\/div>\n\t\t\t\t<\/div>\n\t\t","protected":false},"excerpt":{"rendered":"<p>Politique de cookies 1. Que sont les cookies ? Les cookies sont de petits fichiers texte que les sites web t\u00e9l\u00e9chargent sur l\u2019appareil de l\u2019utilisateur(ordinateur, smartphone ou tablette) lors de la navigation, afin de stocker et de r\u00e9cup\u00e9rer des informations sur lanavigation ou les pr\u00e9f\u00e9rences de l\u2019utilisateur et de garantir le fonctionnement du site. 2. [&hellip;]<\/p>\n","protected":false},"author":1,"featured_media":0,"parent":0,"menu_order":0,"comment_status":"closed","ping_status":"closed","template":"","meta":{"_angie_page":false,"footnotes":""},"class_list":["post-10927","page","type-page","status-publish","hentry"],"_links":{"self":[{"href":"https:\/\/robert-moreno.es\/fr\/wp-json\/wp\/v2\/pages\/10927","targetHints":{"allow":["GET"]}}],"collection":[{"href":"https:\/\/robert-moreno.es\/fr\/wp-json\/wp\/v2\/pages"}],"about":[{"href":"https:\/\/robert-moreno.es\/fr\/wp-json\/wp\/v2\/types\/page"}],"author":[{"embeddable":true,"href":"https:\/\/robert-moreno.es\/fr\/wp-json\/wp\/v2\/users\/1"}],"replies":[{"embeddable":true,"href":"https:\/\/robert-moreno.es\/fr\/wp-json\/wp\/v2\/comments?post=10927"}],"version-history":[{"count":1,"href":"https:\/\/robert-moreno.es\/fr\/wp-json\/wp\/v2\/pages\/10927\/revisions"}],"predecessor-version":[{"id":10928,"href":"https:\/\/robert-moreno.es\/fr\/wp-json\/wp\/v2\/pages\/10927\/revisions\/10928"}],"wp:attachment":[{"href":"https:\/\/robert-moreno.es\/fr\/wp-json\/wp\/v2\/media?parent=10927"}],"curies":[{"name":"wp","href":"https:\/\/api.w.org\/{rel}","templated":true}]}}