{"id":10179,"date":"2026-02-26T17:36:17","date_gmt":"2026-02-26T16:36:17","guid":{"rendered":"https:\/\/robert-moreno.es\/accueil\/"},"modified":"2026-03-10T11:51:36","modified_gmt":"2026-03-10T10:51:36","slug":"accueil","status":"publish","type":"page","link":"https:\/\/robert-moreno.es\/fr\/","title":{"rendered":"Accueil"},"content":{"rendered":"\t\t<div data-elementor-type=\"wp-page\" data-elementor-id=\"10179\" class=\"elementor elementor-10179 elementor-77\" data-elementor-post-type=\"page\">\n\t\t\t\t<div class=\"elementor-element elementor-element-1a5459bf e-flex e-con-boxed e-con e-parent\" data-id=\"1a5459bf\" data-element_type=\"container\" data-e-type=\"container\">\n\t\t\t\t\t<div class=\"e-con-inner\">\n\t\t\t\t<div class=\"elementor-element elementor-element-17a90ec7 elementor-widget elementor-widget-text-editor\" data-id=\"17a90ec7\" data-element_type=\"widget\" data-e-type=\"widget\" data-widget_type=\"text-editor.default\">\n\t\t\t\t\t\t\t\t\t<div style=\"min-height: 100vh; display: flex; align-items: flex-end; justify-content: center; text-align: center; background: linear-gradient(rgba(0,0,0,0.1) 0%,rgba(0,0,0,0.15) 40%,rgba(0,0,0,0.65) 75%,rgba(0,0,0,0.8) 100%),url('https:\/\/robert-moreno.es\/wp-content\/uploads\/2026\/01\/YRL_2763-BN.webp') center 15%\/cover no-repeat; padding: 40px 40px 80px;\">\n    <div style=\"max-width: 900px;\">\n        <h1 style=\"font-family: Montserrat,sans-serif; font-size: 4.5rem; font-weight: bold; color: #fff; text-transform: uppercase; letter-spacing: 4px; margin-bottom: 20px; line-height: 1.1;\">\n  Robert Moreno<\/h1>\n        <p style=\"font-family: Montserrat,sans-serif; font-size: 1.1rem; color: #ccc; letter-spacing: 3px; text-transform: uppercase; font-weight: 300; margin-bottom: 40px;\">\n  Entra\u00eeneur d\u2019\u00e9lite | Strat\u00e8ge | Expert international<\/p>\n        <a style=\"display: inline-block; padding: 14px 40px; border: 1px solid #fff; color: #fff; text-decoration: none; text-transform: uppercase; font-size: 0.8rem; letter-spacing: 2px; font-weight: 600; font-family: Montserrat,sans-serif;\" href=\"https:\/\/robert-moreno.es\/fr\/parcours-professionnel\/\">En savoir plus \u2192<\/a>\n\n    <\/div>\n<\/div>\n<div style=\"background: #1c1c1c; padding: 80px 40px; text-align: center;\">\n    <div style=\"max-width: 1000px; margin: 0 auto;\">\n        <p style=\"font-family: Montserrat,sans-serif; font-size: 1.05rem; color: #ccc; line-height: 1.8; font-weight: 300;\">\n  Robert Moreno n\u2019a pas choisi le football ; c\u2019est le football qui l\u2019a choisi. Entra\u00eeneur par vocation depuis l\u2019\u00e2ge de 14 ans, Moreno\n incarne le profil du technicien moderne : studieux, m\u00e9thodique et adaptable. \u00c0 seulement 40 ans, il avait d\u00e9j\u00e0\n dirig\u00e9 une s\u00e9lection championne du monde et s\u2019\u00e9tait assis sur des bancs de LaLiga, de Serie A et de Ligue 1.  \n        <\/p>\n        <p style=\"font-family: Montserrat,sans-serif; font-size: 1.05rem; color: #ccc; line-height: 1.8; font-weight: 300; margin-top: 20px;\">\n  Sa carri\u00e8re s\u2019est construite dans l\u2019excellence. Pi\u00e8ce ma\u00eetresse au FC Barcelone (2014-2017), il a \u00e9t\u00e9 l\u2019architecte\n tactique de l\u2019une des meilleures \u00e9quipes de la d\u00e9cennie, remportant le Tripl\u00e9 et ajoutant \u00e0 son palmar\u00e8s la Liga,\n la Ligue des champions, la Coupe du Roi et la Coupe du monde des clubs. <\/p>\n        <p style=\"font-family: Montserrat,sans-serif; font-size: 1.05rem; color: #ccc; line-height: 1.8; font-weight: 300; margin-top: 20px;\">\n  Aujourd\u2019hui, Robert Moreno conjugue une exp\u00e9rience tactique de tout premier plan avec une maturit\u00e9 forg\u00e9e dans l\u2019adversit\u00e9\n et le succ\u00e8s. Un leader qui f\u00e9d\u00e8re les vestiaires, valorise les jeunes talents et construit des \u00e9quipes comp\u00e9titives avec une\n identit\u00e9 propre. <\/p>\n\n    <\/div>\n<\/div>\n<div style=\"background: #111; padding: 60px 40px; border-top: 1px solid #2a2a2a; border-bottom: 1px solid #2a2a2a;\">\n    <div style=\"display: grid; grid-template-columns: repeat(4,1fr); gap: 40px; max-width: 1200px; margin: 0 auto; text-align: center;\">\n        <div>\n            <div style=\"font-family: Montserrat,sans-serif; font-size: 3rem; font-weight: bold; color: #fff; margin-bottom: 10px;\">\n  20+<\/div>\n            <div style=\"font-family: Montserrat,sans-serif; font-size: 0.7rem; color: #666; text-transform: uppercase; letter-spacing: 2px;\">\n  Ann\u00e9es dans le football<\/div>\n        <\/div>\n        <div>\n            <div style=\"font-family: Montserrat,sans-serif; font-size: 3rem; font-weight: bold; color: #fff; margin-bottom: 10px;\">\n  10<\/div>\n            <div style=\"font-family: Montserrat,sans-serif; font-size: 0.7rem; color: #666; text-transform: uppercase; letter-spacing: 2px;\">\n  Titres professionnels<\/div>\n        <\/div>\n        <div>\n            <div style=\"font-family: Montserrat,sans-serif; font-size: 3rem; font-weight: bold; color: #fff; margin-bottom: 10px;\">\n  5<\/div>\n            <div style=\"font-family: Montserrat,sans-serif; font-size: 0.7rem; color: #666; text-transform: uppercase; letter-spacing: 2px;\">\n  Pays entra\u00een\u00e9s<\/div>\n        <\/div>\n        <div>\n            <div style=\"font-family: Montserrat,sans-serif; font-size: 3rem; font-weight: bold; color: #fff; margin-bottom: 10px;\">\n  4<\/div>\n            <div style=\"font-family: Montserrat,sans-serif; font-size: 0.7rem; color: #666; text-transform: uppercase; letter-spacing: 2px;\">\n  Ligues d\u2019\u00e9lite<\/div>\n        <\/div>\n    <\/div>\n<\/div>\n<div style=\"background: #111; padding: 0;\">\n    <div style=\"display: grid; grid-template-columns: 1fr 1fr; min-height: 500px;\">\n        <div style=\"background: url('https:\/\/robert-moreno.es\/wp-content\/uploads\/2026\/01\/2019112102323955857.webp') center 20%\/cover no-repeat; min-height: 400px;\">\n        <\/div>\n        <div style=\"display: flex; align-items: center; padding: 60px 80px; background: #1c1c1c;\">\n            <div>\n                <p style=\"font-family: Montserrat,sans-serif; font-size: 1.3rem; color: #fff; line-height: 1.6; font-weight: 300; font-style: italic;\">\n  \u00ab Entra\u00eener la s\u00e9lection espagnole m\u2019a servi \u00e0 me prouver \u00e0 moi-m\u00eame que j\u2019\u00e9tais pr\u00eat \u00e0 entra\u00eener\n n\u2019importe quel club. Parce que si vous entra\u00eenez l\u2019\u00e9quipe nationale espagnole de football, vous pouvez entra\u00eener n\u2019importe quelle\n \u00e9quipe du monde. \u00bb <\/p>\n                <p style=\"font-family: Montserrat,sans-serif; font-size: 0.7rem; color: #666; text-transform: uppercase; letter-spacing: 2px; margin-top: 20px;\">\n  \u2014 Robert Moreno, s\u00e9lectionneur de l\u2019Espagne<\/p>\n\n            <\/div>\n        <\/div>\n    <\/div>\n    <div style=\"display: grid; grid-template-columns: 1fr 1fr; min-height: 500px;\">\n        <div style=\"display: flex; align-items: center; padding: 60px 80px; background: #151515;\">\n            <div>\n                <p style=\"font-family: Montserrat,sans-serif; font-size: 1.3rem; color: #fff; line-height: 1.6; font-weight: 300; font-style: italic;\">\n  \u00ab Analyser les matchs a \u00e9t\u00e9 une fa\u00e7on de me diff\u00e9rencier et de trouver une voie pour devenir\n professionnel. La technologie et les donn\u00e9es ont toujours \u00e9t\u00e9 mes outils. \u00bb <\/p>\n                <p style=\"font-family: Montserrat,sans-serif; font-size: 0.7rem; color: #666; text-transform: uppercase; letter-spacing: 2px; margin-top: 20px;\">\n  \u2014 The Coaches Voice<\/p>\n\n            <\/div>\n        <\/div>\n        <div style=\"background: url('https:\/\/robert-moreno.es\/wp-content\/uploads\/2026\/01\/DSC00280-scaled.webp') center 30%\/cover no-repeat; min-height: 400px;\">\n        <\/div>\n    <\/div>\n<\/div>\n<div style=\"background: #111; padding: 80px 40px; text-align: center;\">\n    <h2 style=\"font-family: Montserrat,sans-serif; font-size: 1.4rem; font-weight: bold; color: #fff; text-transform: uppercase; letter-spacing: 2px; margin-bottom: 60px;\">\n  \u00c9quipes<\/h2>\n    <div style=\"display: flex; justify-content: center; align-items: center; gap: 50px; flex-wrap: wrap; max-width: 1200px; margin: 0 auto;\">\n        <div style=\"text-align: center; width: 140px;\">\n\n            <img decoding=\"async\" style=\"height: 60px; margin-bottom: 12px; filter: brightness(0) invert(1); opacity: 0.8;\" src=\"https:\/\/robert-moreno.es\/wp-content\/uploads\/2026\/02\/Logo-FC-Barcelona.webp\" alt=\"FC Barcelone\">\n            <div style=\"font-family: Montserrat,sans-serif; font-size: 0.65rem; color: #666; text-transform: uppercase; letter-spacing: 1px;\">\n  2014-2017<\/div>\n        <\/div>\n        <div style=\"text-align: center; width: 140px;\">\n\n            <img decoding=\"async\" style=\"height: 60px; margin-bottom: 12px; opacity: 0.8;\" src=\"https:\/\/robert-moreno.es\/wp-content\/uploads\/2026\/02\/Logo-Espana.png\" alt=\"Espagne\">\n            <div style=\"font-family: Montserrat,sans-serif; font-size: 0.65rem; color: #666; text-transform: uppercase; letter-spacing: 1px;\">\n  2018-2019<\/div>\n        <\/div>\n        <div style=\"text-align: center; width: 140px;\">\n\n            <img decoding=\"async\" style=\"height: 60px; margin-bottom: 12px; filter: brightness(0) invert(1); opacity: 0.8;\" src=\"https:\/\/robert-moreno.es\/wp-content\/uploads\/2026\/02\/Logo-AS-Monaco.webp\" alt=\"AS Monaco\">\n            <div style=\"font-family: Montserrat,sans-serif; font-size: 0.65rem; color: #666; text-transform: uppercase; letter-spacing: 1px;\">\n  2020<\/div>\n        <\/div>\n        <div style=\"text-align: center; width: 140px;\">\n\n            <img decoding=\"async\" style=\"height: 60px; margin-bottom: 12px; filter: brightness(0) invert(1); opacity: 0.8;\" src=\"https:\/\/robert-moreno.es\/wp-content\/uploads\/2026\/02\/Logo-Granada-CF.webp\" alt=\"Granada CF\">\n            <div style=\"font-family: Montserrat,sans-serif; font-size: 0.65rem; color: #666; text-transform: uppercase; letter-spacing: 1px;\">\n  2021<\/div>\n        <\/div>\n        <div style=\"text-align: center; width: 140px;\">\n\n            <img decoding=\"async\" style=\"height: 60px; margin-bottom: 12px; opacity: 0.8;\" src=\"https:\/\/robert-moreno.es\/wp-content\/uploads\/2026\/02\/Logo-PFC-Sochi.webp\" alt=\"PFC Sochi\">\n            <div style=\"font-family: Montserrat,sans-serif; font-size: 0.65rem; color: #666; text-transform: uppercase; letter-spacing: 1px;\">\n  2024-2025<\/div>\n        <\/div>\n    <\/div>\n<\/div>\n\n<style>.rm-dest{padding:80px 40px;background:#1a1a1a;font-family:Montserrat,sans-serif}.rm-dest-inner{max-width:1200px;margin:0 auto}.rm-dest h2{font-size:1.4rem;font-weight:700;color:#fff;text-transform:uppercase;letter-spacing:2px;text-align:center;margin:0 0 50px}.rm-dest-grid{display:grid;grid-template-columns:repeat(3,1fr);gap:24px}.rm-dest-card{display:block;background:#252525;border-radius:12px;overflow:hidden;transition:all .4s ease;text-decoration:none;color:inherit;cursor:pointer}.rm-dest-card:hover{transform:translateY(-6px);box-shadow:0 20px 50px rgba(0,0,0,.5)}.rm-dest-card:hover .rm-dest-title{color:#c9a962}.rm-dest-img{height:380px;background-size:cover;background-position:center top;position:relative}.rm-dest-img::after{content:\"\";position:absolute;inset:0;background:linear-gradient(transparent 50%,rgba(0,0,0,.4))}.rm-dest-body{padding:24px 22px 28px}.rm-dest-title{font-size:1rem;font-weight:700;color:#fff;line-height:1.45;margin:0 0 10px;text-align:center}.rm-dest-excerpt{font-size:.8rem;color:#999;line-height:1.6;text-align:center;margin:0}@media(max-width:768px){.rm-dest-grid{grid-template-columns:1fr}.rm-dest-img{height:280px}}<\/style><div class=\"rm-dest\"><div class=\"rm-dest-inner\"><h2>\u00c0 la une<\/h2><div class=\"rm-dest-grid\"><a href=\"https:\/\/robert-moreno.es\/fr\/robert-moreno-dans-el-camino-de-mario-le-recit-est-plus-fort-que-la-verite\/\" class=\"rm-dest-card\"><div class=\"rm-dest-img\" style=\"background-image:url('https:\/\/robert-moreno.es\/wp-content\/uploads\/2026\/03\/WhatsApp-Image-2026-03-10-at-15.44.48-4-768x1024.webp')\"><\/div><div class=\"rm-dest-body\"><h3 class=\"rm-dest-title\">&laquo;Robert Moreno dans El Camino de Mario : \u00ab Le r\u00e9cit est plus fort que la v\u00e9rit\u00e9 \u00bb&raquo;<\/h3><p class=\"rm-dest-excerpt\">&#127908; Podcast &middot; Interview Robert Moreno sur El Camino de Mario : &laquo;Le r&eacute;cit est bien plus fort que la&#8230;<\/p><\/div><\/a><a href=\"https:\/\/robert-moreno.es\/fr\/les-paris-de-robert-moreno-les-joueurs-quil-a-decouverts-et-lances-vers-la-gloire\/\" class=\"rm-dest-card\"><div class=\"rm-dest-img\" style=\"background-image:url('https:\/\/robert-moreno.es\/wp-content\/uploads\/2026\/03\/JuvenilB-Damm-1-e1772547496759-1024x750.png')\"><\/div><div class=\"rm-dest-body\"><h3 class=\"rm-dest-title\">&laquo;Les paris de Robert Moreno : les joueurs qu&rsquo;il a d\u00e9couverts et lanc\u00e9s vers la gloire&raquo;<\/h3><p class=\"rm-dest-excerpt\">&#128221; Article Les paris de Robert Moreno&nbsp;: les joueurs qu&rsquo;il a d&eacute;couverts et lanc&eacute;s vers la gloire De la S&eacute;lection&#8230;<\/p><\/div><\/a><a href=\"https:\/\/robert-moreno.es\/fr\/ce-que-cesc-fabregas-dit-a-propos-de-robert-moreno\/\" class=\"rm-dest-card\"><div class=\"rm-dest-img\" style=\"background-image:url('https:\/\/robert-moreno.es\/wp-content\/uploads\/2026\/03\/As-Roma-leyendo.webp')\"><\/div><div class=\"rm-dest-body\"><h3 class=\"rm-dest-title\">&laquo;Ce que Cesc F\u00e0bregas dit \u00e0 propos de Robert Moreno&raquo;<\/h3><p class=\"rm-dest-excerpt\">&#128221; Article Ce que Cesc F&agrave;bregas dit de la m&eacute;thodologie de Robert Moreno Les d&eacute;clarations du milieu de terrain, rapport&eacute;es&#8230;<\/p><\/div><\/a><a href=\"https:\/\/robert-moreno.es\/fr\/robert-moreno-et-chatgpt-chronologie-complete-du-canular-devenu-une-information-mondiale\/\" class=\"rm-dest-card\"><div class=\"rm-dest-img\" style=\"background-image:url('https:\/\/robert-moreno.es\/wp-content\/uploads\/2026\/02\/ia_futbol_featured.webp')\"><\/div><div class=\"rm-dest-body\"><h3 class=\"rm-dest-title\">&laquo;Robert Moreno et ChatGPT : chronologie compl\u00e8te du canular devenu une information mondiale&raquo;<\/h3><p class=\"rm-dest-excerpt\">Donn\u00e9es, sources et d\u00e9mentis d\u2019un mensonge fabriqu\u00e9 en trois \u00e9tapes \ud83c\uddec\ud83c\udde7 Read in English En janvier 2026, une nouvelle a&#8230;<\/p><\/div><\/a><a href=\"https:\/\/robert-moreno.es\/fr\/mentalite-sportive-haute-performance-et-leadership\/\" class=\"rm-dest-card\"><div class=\"rm-dest-img\" style=\"background-image:url('https:\/\/robert-moreno.es\/wp-content\/uploads\/2026\/02\/mentalidad-deportiva-hd.webp')\"><\/div><div class=\"rm-dest-body\"><h3 class=\"rm-dest-title\">&laquo;Mentalit\u00e9 sportive : haute performance et leadership&raquo;<\/h3><p class=\"rm-dest-excerpt\">\ud83c\udfa7 Podcast \u00b7 Entretien Mentalit\u00e9 Sportive : Haute Performance et Leadership Conversation avec David Soler sur la complexit\u00e9 d&rsquo;\u00eatre entra\u00eeneur&#8230;<\/p><\/div><\/a><a href=\"https:\/\/robert-moreno.es\/fr\/matchtv-robert-moreno-repond-a-propos-de-chatgpt-et-du-football\/\" class=\"rm-dest-card\"><div class=\"rm-dest-img\" style=\"background-image:url('https:\/\/robert-moreno.es\/wp-content\/uploads\/2026\/02\/Captura-de-pantalla-2026-03-02-a-las-13.17.12.webp')\"><\/div><div class=\"rm-dest-body\"><h3 class=\"rm-dest-title\">&laquo;MatchTV : Robert Moreno r\u00e9pond \u00e0 propos de ChatGPT et du football&raquo;<\/h3><p class=\"rm-dest-excerpt\">!&#8211; wp:html &#8211;&gt; Vid&eacute;o &middot; Interview La pol&eacute;mique ChatGPT : la v&eacute;rit&eacute; racont&eacute;e &agrave; la premi&egrave;re personne Interview compl&egrave;te dans&#8230;<\/p><\/div><\/a><\/div><\/div><\/div>\n\n<div style=\"position: relative; min-height: 400px; background: linear-gradient(rgba(0,0,0,0.5),rgba(0,0,0,0.7)),url('https:\/\/robert-moreno.es\/wp-content\/uploads\/2026\/01\/conf-presse-RM-1960.webp') center 20%\/cover no-repeat; display: flex; align-items: center; justify-content: center; text-align: center; padding: 60px 40px;\">\n    <div style=\"max-width: 700px;\">\n        <p style=\"font-family: Montserrat,sans-serif; font-size: 1.4rem; color: #fff; line-height: 1.6; font-weight: 300; font-style: italic;\">\n  \u00ab Nous sommes ce que nous faisons au quotidien. L\u2019excellence n\u2019est donc pas un acte, mais une habitude. \u00bb<\/p>\n        <p style=\"font-family: Montserrat,sans-serif; font-size: 0.7rem; color: #999; text-transform: uppercase; letter-spacing: 2px; margin-top: 20px;\">\n  \u2014 Aristote<\/p>\n\n    <\/div>\n<\/div>\n<div style=\"background: #1c1c1c; padding: 80px 40px; text-align: center;\">\n    <h2 style=\"font-family: Montserrat,sans-serif; font-size: 1.2rem; font-weight: 300; color: #ccc; margin-bottom: 30px;\">\n  Int\u00e9ress\u00e9 par une collaboration professionnelle ?<\/h2>\n    <a style=\"display: inline-block; padding: 16px 48px; background: #007bff; color: #fff; text-decoration: none; text-transform: uppercase; font-size: 0.8rem; letter-spacing: 2px; font-weight: 600; font-family: Montserrat,sans-serif; border-radius: 4px;\" href=\"https:\/\/robert-moreno.es\/fr\/contact\/\">Contacter<\/a>\n    <div style=\"margin-top: 30px; display: flex; justify-content: center; gap: 24px;\"><a style=\"color: #666; text-decoration: none; font-family: Montserrat,sans-serif; font-size: 0.8rem; text-transform: uppercase; letter-spacing: 1px;\" href=\"https:\/\/www.instagram.com\/robertmoreno\/\" target=\"_blank\" rel=\"noopener\">Instagram<\/a>\n        <a style=\"color: #666; text-decoration: none; font-family: Montserrat,sans-serif; font-size: 0.8rem; text-transform: uppercase; letter-spacing: 1px;\" href=\"https:\/\/www.linkedin.com\/in\/robertmorenogonzalez\/\" target=\"_blank\" rel=\"noopener\">LinkedIn<\/a>\n    <\/div>\n<\/div>\t\t\t\t\t\t\t\t<\/div>\n\t\t\t\t\t<\/div>\n\t\t\t\t<\/div>\n\t\t\t\t<\/div>\n\t\t","protected":false},"excerpt":{"rendered":"<p>Robert Moreno Entra\u00eeneur d\u2019\u00e9lite | Strat\u00e8ge | Expert international En savoir plus \u2192 Robert Moreno n\u2019a pas choisi le football ; c\u2019est le football qui l\u2019a choisi. Entra\u00eeneur par vocation depuis l\u2019\u00e2ge de 14 ans, Moreno incarne le profil du technicien moderne : studieux, m\u00e9thodique et adaptable. \u00c0 seulement 40 ans, il avait d\u00e9j\u00e0 dirig\u00e9 [&hellip;]<\/p>\n","protected":false},"author":1,"featured_media":0,"parent":0,"menu_order":0,"comment_status":"closed","ping_status":"closed","template":"elementor_header_footer","meta":{"_angie_page":false,"footnotes":""},"class_list":["post-10179","page","type-page","status-publish","hentry"],"_links":{"self":[{"href":"https:\/\/robert-moreno.es\/fr\/wp-json\/wp\/v2\/pages\/10179","targetHints":{"allow":["GET"]}}],"collection":[{"href":"https:\/\/robert-moreno.es\/fr\/wp-json\/wp\/v2\/pages"}],"about":[{"href":"https:\/\/robert-moreno.es\/fr\/wp-json\/wp\/v2\/types\/page"}],"author":[{"embeddable":true,"href":"https:\/\/robert-moreno.es\/fr\/wp-json\/wp\/v2\/users\/1"}],"replies":[{"embeddable":true,"href":"https:\/\/robert-moreno.es\/fr\/wp-json\/wp\/v2\/comments?post=10179"}],"version-history":[{"count":1,"href":"https:\/\/robert-moreno.es\/fr\/wp-json\/wp\/v2\/pages\/10179\/revisions"}],"predecessor-version":[{"id":10180,"href":"https:\/\/robert-moreno.es\/fr\/wp-json\/wp\/v2\/pages\/10179\/revisions\/10180"}],"wp:attachment":[{"href":"https:\/\/robert-moreno.es\/fr\/wp-json\/wp\/v2\/media?parent=10179"}],"curies":[{"name":"wp","href":"https:\/\/api.w.org\/{rel}","templated":true}]}}