{"id":10923,"date":"2026-03-10T11:59:42","date_gmt":"2026-03-10T10:59:42","guid":{"rendered":"https:\/\/robert-moreno.es\/politica-de-galetes\/"},"modified":"2026-03-10T12:01:32","modified_gmt":"2026-03-10T11:01:32","slug":"politica-de-galetes","status":"publish","type":"page","link":"https:\/\/robert-moreno.es\/ca\/politica-de-galetes\/","title":{"rendered":"Pol\u00edtica de galetes"},"content":{"rendered":"\t\t<div data-elementor-type=\"wp-page\" data-elementor-id=\"10923\" class=\"elementor elementor-10923 elementor-10918\" data-elementor-post-type=\"page\">\n\t\t\t\t<div class=\"elementor-element elementor-element-5cf1a880 e-flex e-con-boxed e-con e-parent\" data-id=\"5cf1a880\" data-element_type=\"container\" data-e-type=\"container\">\n\t\t\t\t\t<div class=\"e-con-inner\">\n\t\t\t\t<div class=\"elementor-element elementor-element-43a3bbd0 elementor-widget elementor-widget-text-editor\" data-id=\"43a3bbd0\" data-element_type=\"widget\" data-e-type=\"widget\" data-widget_type=\"text-editor.default\">\n\t\t\t\t\t\t\t\t\t<div class=\"elementor-container\"><h1>Pol\u00edtica de galetes<\/h1><h2>1. Qu\u00e8 s\u00f3n les galetes?<\/h2><p>Les galetes s\u00f3n petits fitxers de text que els llocs web descarreguen al dispositiu de l&#8217;usuari<br>(ordinador, tel\u00e8fon intel\u00b7ligent o tauleta) en navegar-hi, amb la finalitat d&#8217;emmagatzemar i recuperar informaci\u00f3 sobre la<br>navegaci\u00f3 o prefer\u00e8ncies de l&#8217;usuari i garantir el funcionament del web.<\/p><h2>2. Tipus de galetes utilitzades en aquest web<\/h2><p>Aquest lloc web utilitza els seg\u00fcents tipus de galetes:<\/p><ul><li><strong>Galetes t\u00e8cniques:<\/strong> Necess\u00e0ries per a la navegaci\u00f3 i el bon funcionament de la p\u00e0gina<br>web (sessi\u00f3, acc\u00e9s, seguretat).<\/li><li><strong>Galetes d&#8217;an\u00e0lisi:<\/strong> Permeten mesurar i analitzar estad\u00edsticament el comportament dels<br>usuaris al lloc web (ex: Google Analytics) per introduir millores en funci\u00f3 de l&#8217;an\u00e0lisi d&#8217;<br>\u00fas.<\/li><li><strong>Galetes de personalitzaci\u00f3:<\/strong> Permeten recordar informaci\u00f3 t\u00e8cnica, de manera que el<br>servei es presti a l&#8217;usuari amb determinades caracter\u00edstiques que diferenci\u00efn la seva experi\u00e8ncia de la d&#8217;<br>altres usuaris (p. ex. idioma per defecte com en el cas de WPML).<\/li><\/ul><h2>3. Gesti\u00f3 i desactivaci\u00f3 de galetes<\/h2><p>L&#8217;usuari pot revocar el seu consentiment o configurar el seu navegador en qualsevol moment per rebutjar total<br>o parcialment la instal\u00b7laci\u00f3 de galetes o obligar a sol\u00b7licitar confirmaci\u00f3 abans d&#8217;instal\u00b7lar-les. La<br>desactivaci\u00f3 podria afectar el funcionament correcte de certes seccions o caracter\u00edstiques del lloc<br>web. <\/p><p>A continuaci\u00f3 es facilita informaci\u00f3 sobre com gestionar i eliminar galetes en els principals<br>navegadors:<\/p><ul><li><strong>Google Chrome:<\/strong> <a href=\"https:\/\/support.google.com\/chrome\/answer\/95647\" target=\"_blank\" rel=\"noopener\">Anar al suport de Google<\/a><\/li><li><strong>Mozilla Firefox:<\/strong> <a href=\"https:\/\/support.mozilla.org\/es\/kb\/habilitar-y-deshabilitar-cookies-sitios-web-rastrear-preferencias\" target=\"_blank\" rel=\"noopener\">Anar al suport de Mozilla<\/a><\/li><li><strong>Safari:<\/strong> <a href=\"https:\/\/support.apple.com\/es-es\/guide\/safari\/sfri11471\/mac\" target=\"_blank\" rel=\"noopener\">Anar al suport d&#8217;Apple<\/a><\/li><li><strong>Microsoft Edge:<\/strong> <a href=\"https:\/\/support.microsoft.com\/es-es\/microsoft-edge\/eliminar-las-cookies-en-microsoft-edge-63947406-40ac-c3b8-57b9-2a946a29ae09\" target=\"_blank\" rel=\"noopener\">Anar al suport de Microsoft<\/a><\/li><\/ul><h2>4. Actualitzaci\u00f3 de la pol\u00edtica<\/h2><p>\u00c9s possible que actualitzem la pol\u00edtica de galetes d&#8217;aquest lloc web; per aix\u00f2 us recomanem revisar aquesta<br>pol\u00edtica cada vegada que accediu al lloc web amb l&#8217;objectiu d&#8217;estar adequadament informat sobre com i per a<br>qu\u00e8 fem servir les galetes.<\/p><\/div><p> <\/p>\t\t\t\t\t\t\t\t<\/div>\n\t\t\t\t\t<\/div>\n\t\t\t\t<\/div>\n\t\t\t\t<\/div>\n\t\t","protected":false},"excerpt":{"rendered":"<p>Pol\u00edtica de galetes 1. Qu\u00e8 s\u00f3n les galetes? Les galetes s\u00f3n petits fitxers de text que els llocs web descarreguen al dispositiu de l&#8217;usuari(ordinador, tel\u00e8fon intel\u00b7ligent o tauleta) en navegar-hi, amb la finalitat d&#8217;emmagatzemar i recuperar informaci\u00f3 sobre lanavegaci\u00f3 o prefer\u00e8ncies de l&#8217;usuari i garantir el funcionament del web. 2. Tipus de galetes utilitzades en [&hellip;]<\/p>\n","protected":false},"author":1,"featured_media":0,"parent":0,"menu_order":0,"comment_status":"closed","ping_status":"closed","template":"","meta":{"_angie_page":false,"footnotes":""},"class_list":["post-10923","page","type-page","status-publish","hentry"],"_links":{"self":[{"href":"https:\/\/robert-moreno.es\/ca\/wp-json\/wp\/v2\/pages\/10923","targetHints":{"allow":["GET"]}}],"collection":[{"href":"https:\/\/robert-moreno.es\/ca\/wp-json\/wp\/v2\/pages"}],"about":[{"href":"https:\/\/robert-moreno.es\/ca\/wp-json\/wp\/v2\/types\/page"}],"author":[{"embeddable":true,"href":"https:\/\/robert-moreno.es\/ca\/wp-json\/wp\/v2\/users\/1"}],"replies":[{"embeddable":true,"href":"https:\/\/robert-moreno.es\/ca\/wp-json\/wp\/v2\/comments?post=10923"}],"version-history":[{"count":1,"href":"https:\/\/robert-moreno.es\/ca\/wp-json\/wp\/v2\/pages\/10923\/revisions"}],"predecessor-version":[{"id":10924,"href":"https:\/\/robert-moreno.es\/ca\/wp-json\/wp\/v2\/pages\/10923\/revisions\/10924"}],"wp:attachment":[{"href":"https:\/\/robert-moreno.es\/ca\/wp-json\/wp\/v2\/media?parent=10923"}],"curies":[{"name":"wp","href":"https:\/\/api.w.org\/{rel}","templated":true}]}}