{"id":10869,"date":"2026-01-27T15:16:15","date_gmt":"2026-01-27T14:16:15","guid":{"rendered":"https:\/\/robert-moreno.es\/politica-de-privacitat\/"},"modified":"2026-03-10T11:47:13","modified_gmt":"2026-03-10T10:47:13","slug":"politica-de-privacitat","status":"publish","type":"page","link":"https:\/\/robert-moreno.es\/ca\/politica-de-privacitat\/","title":{"rendered":"Pol\u00edtica de privacitat"},"content":{"rendered":"\t\t<div data-elementor-type=\"wp-page\" data-elementor-id=\"10869\" class=\"elementor elementor-10869 elementor-3\" data-elementor-post-type=\"page\">\n\t\t\t\t<div class=\"elementor-element elementor-element-4925570d e-flex e-con-boxed e-con e-parent\" data-id=\"4925570d\" data-element_type=\"container\" data-e-type=\"container\">\n\t\t\t\t\t<div class=\"e-con-inner\">\n\t\t\t\t<div class=\"elementor-element elementor-element-7644ce5a elementor-widget elementor-widget-text-editor\" data-id=\"7644ce5a\" data-element_type=\"widget\" data-e-type=\"widget\" data-widget_type=\"text-editor.default\">\n\t\t\t\t\t\t\t\t\t<h1><span style=\"font-family: -apple-system, BlinkMacSystemFont, 'Segoe UI', Roboto, 'Helvetica Neue', Arial, 'Noto Sans', sans-serif, 'Apple Color Emoji', 'Segoe UI Emoji', 'Segoe UI Symbol', 'Noto Color Emoji';\">Pol\u00edtica de Privacidad<\/span><\/h1><div class=\"elementor-container\"><h2>1. Responsable del Tratamiento<\/h2><p>A efectos de lo previsto en el Reglamento General de Protecci\u00f3n de Datos (RGPD) y la normativa aplicable, el<br \/>usuario queda informado de que los datos personales recabados a trav\u00e9s de esta web ser\u00e1n tratados por Robert<br \/>Moreno (en adelante, &#8220;el Responsable&#8221;).<\/p><h2>2. Finalidad del Tratamiento<\/h2><p>Los datos que nos facilite a trav\u00e9s de los formularios de contacto u otros medios de este sitio web ser\u00e1n<br \/>utilizados exclusivamente con la finalidad de gestionar su solicitud, responder sus consultas y mantener la<br \/>comunicaci\u00f3n profesional.<\/p><h2>3. Legitimaci\u00f3n<\/h2><p>La base legal para el tratamiento de los datos es el consentimiento expreso y expl\u00edcito del usuario al marcar<br \/>la casilla de aceptaci\u00f3n y enviar el formulario correspondiente.<\/p><h2>4. Conservaci\u00f3n de Datos<\/h2><p>Los datos proporcionados se conservar\u00e1n mientras se mantenga la relaci\u00f3n profesional o durante el tiempo<br \/>necesario para cumplir con las obligaciones legales aplicables.<\/p><h2>5. Destinatarios<\/h2><p>Los datos no se ceder\u00e1n a terceros ajenos salvo obligaci\u00f3n legal o necesidad t\u00e9cnica para la prestaci\u00f3n del<br \/>servicio encomendado a los proveedores t\u00e9cnicos (hosting).<\/p><h2>6. Derechos del Usuario<\/h2><p>El usuario tiene derecho a obtener confirmaci\u00f3n sobre el tratamiento de sus datos personales. En cualquier<br \/>momento puede ejercer sus derechos de Acceso, Rectificaci\u00f3n, Supresi\u00f3n, Oposici\u00f3n, Limitaci\u00f3n del<br \/>tratamiento y Portabilidad solicit\u00e1ndolo mediante contacto directo establecido en este sitio web.<\/p><\/div><p>\u00a0<\/p>\t\t\t\t\t\t\t\t<\/div>\n\t\t\t\t\t<\/div>\n\t\t\t\t<\/div>\n\t\t\t\t<\/div>\n\t\t","protected":false},"excerpt":{"rendered":"<p>Pol\u00edtica de Privacidad &#8211; Robert Moreno Pol\u00edtica de Privacidad 1. Responsable del Tratamiento A efectos de lo previsto en el Reglamento General de Protecci\u00f3n de Datos (RGPD) y la normativa aplicable, el usuario queda informado de que los datos personales recabados a trav\u00e9s de esta web ser\u00e1n tratados por Robert Moreno (en adelante, &#8220;el Responsable&#8221;). [&hellip;]<\/p>\n","protected":false},"author":1,"featured_media":0,"parent":0,"menu_order":0,"comment_status":"closed","ping_status":"open","template":"","meta":{"_angie_page":false,"footnotes":""},"class_list":["post-10869","page","type-page","status-publish","hentry"],"_links":{"self":[{"href":"https:\/\/robert-moreno.es\/ca\/wp-json\/wp\/v2\/pages\/10869","targetHints":{"allow":["GET"]}}],"collection":[{"href":"https:\/\/robert-moreno.es\/ca\/wp-json\/wp\/v2\/pages"}],"about":[{"href":"https:\/\/robert-moreno.es\/ca\/wp-json\/wp\/v2\/types\/page"}],"author":[{"embeddable":true,"href":"https:\/\/robert-moreno.es\/ca\/wp-json\/wp\/v2\/users\/1"}],"replies":[{"embeddable":true,"href":"https:\/\/robert-moreno.es\/ca\/wp-json\/wp\/v2\/comments?post=10869"}],"version-history":[{"count":1,"href":"https:\/\/robert-moreno.es\/ca\/wp-json\/wp\/v2\/pages\/10869\/revisions"}],"predecessor-version":[{"id":10870,"href":"https:\/\/robert-moreno.es\/ca\/wp-json\/wp\/v2\/pages\/10869\/revisions\/10870"}],"wp:attachment":[{"href":"https:\/\/robert-moreno.es\/ca\/wp-json\/wp\/v2\/media?parent=10869"}],"curies":[{"name":"wp","href":"https:\/\/api.w.org\/{rel}","templated":true}]}}