{"id":10188,"date":"2026-02-26T17:36:17","date_gmt":"2026-02-26T16:36:17","guid":{"rendered":"https:\/\/robert-moreno.es\/portada\/"},"modified":"2026-03-10T12:55:32","modified_gmt":"2026-03-10T11:55:32","slug":"portada","status":"publish","type":"page","link":"https:\/\/robert-moreno.es\/ca\/","title":{"rendered":"Portada"},"content":{"rendered":"\t\t<div data-elementor-type=\"wp-page\" data-elementor-id=\"10188\" class=\"elementor elementor-10188 elementor-77\" data-elementor-post-type=\"page\">\n\t\t\t\t<div class=\"elementor-element elementor-element-1a5459bf e-flex e-con-boxed e-con e-parent\" data-id=\"1a5459bf\" data-element_type=\"container\" data-e-type=\"container\">\n\t\t\t\t\t<div class=\"e-con-inner\">\n\t\t\t\t<div class=\"elementor-element elementor-element-17a90ec7 elementor-widget elementor-widget-text-editor\" data-id=\"17a90ec7\" data-element_type=\"widget\" data-e-type=\"widget\" data-widget_type=\"text-editor.default\">\n\t\t\t\t\t\t\t\t\t<div style=\"min-height: 100vh; display: flex; align-items: flex-end; justify-content: center; text-align: center; background: linear-gradient(rgba(0,0,0,0.1) 0%,rgba(0,0,0,0.15) 40%,rgba(0,0,0,0.65) 75%,rgba(0,0,0,0.8) 100%),url('https:\/\/robert-moreno.es\/wp-content\/uploads\/2026\/01\/YRL_2763-BN.webp') center 15%\/cover no-repeat; padding: 40px 40px 80px;\">\n    <div style=\"max-width: 900px;\">\n        <h1 style=\"font-family: Montserrat,sans-serif; font-size: 4.5rem; font-weight: bold; color: #fff; text-transform: uppercase; letter-spacing: 4px; margin-bottom: 20px; line-height: 1.1;\">\n  Robert Moreno<\/h1>\n        <p style=\"font-family: Montserrat,sans-serif; font-size: 1.1rem; color: #ccc; letter-spacing: 3px; text-transform: uppercase; font-weight: 300; margin-bottom: 40px;\">\n  Entrenador d&#8217;Elit | Estrateg | Expert Internacional<\/p>\n        <a style=\"display: inline-block; padding: 14px 40px; border: 1px solid #fff; color: #fff; text-decoration: none; text-transform: uppercase; font-size: 0.8rem; letter-spacing: 2px; font-weight: 600; font-family: Montserrat,sans-serif;\" href=\"https:\/\/robert-moreno.es\/ca\/trajectoria\/\">Saber-ne m\u00e9s \u2192<\/a>\n\n    <\/div>\n<\/div>\n<div style=\"background: #1c1c1c; padding: 80px 40px; text-align: center;\">\n    <div style=\"max-width: 1000px; margin: 0 auto;\">\n        <p style=\"font-family: Montserrat,sans-serif; font-size: 1.05rem; color: #ccc; line-height: 1.8; font-weight: 300;\">\n Robert Moreno no eligi\u00f3 el f\u00fatbol; el f\u00fatbol le eligi\u00f3 a \u00e9l. Entrenador vocacional des dels 14 anys, Moreno\nrepresenta el perfil del t\u00e8cnic modern: estudi\u00f3s, met\u00f2dic i adaptable. Amb tot just 40 anys, ja havia\ndirigit una Selecci\u00f3 Campiona del M\u00f3n i s&#8217;havia assegut a banquetes de LaLiga, Serie A i Ligue 1.  \n        <\/p>\n        <p style=\"font-family: Montserrat,sans-serif; font-size: 1.05rem; color: #ccc; line-height: 1.8; font-weight: 300; margin-top: 20px;\">\n La seva carrera es va forjar en l&#8217;exel\u00e8ncia Com a pe\u00e7a clau al FC Barcelona (2014-2017), va ser arquitecte\nt\u00e0ctic d&#8217;un dels millors equips de la d\u00e8cada, conquerint el Triplet i afegint al seu palmar\u00e8s Lliga,\nChampions League, Copa del Rei i Mundial de Clubs.<\/p>\n        <p style=\"font-family: Montserrat,sans-serif; font-size: 1.05rem; color: #ccc; line-height: 1.8; font-weight: 300; margin-top: 20px;\">\n Avui, Robert Moreno combina una experi\u00e8ncia t\u00e0ctica de primer nivell amb una maduresa forjada en l&#8217;adversitat i l&#8217;\u00e8xit. Un l\u00edder que uneix vestidors, potencia el talent jove i construeix equips competitius amb una\n identitat pr\u00f2pia.<\/p>\n\n    <\/div>\n<\/div>\n<div style=\"background: #111; padding: 60px 40px; border-top: 1px solid #2a2a2a; border-bottom: 1px solid #2a2a2a;\">\n    <div style=\"display: grid; grid-template-columns: repeat(4,1fr); gap: 40px; max-width: 1200px; margin: 0 auto; text-align: center;\">\n        <div>\n            <div style=\"font-family: Montserrat,sans-serif; font-size: 3rem; font-weight: bold; color: #fff; margin-bottom: 10px;\">\n  20+<\/div>\n            <div style=\"font-family: Montserrat,sans-serif; font-size: 0.7rem; color: #666; text-transform: uppercase; letter-spacing: 2px;\">\n  Anys al futbol<\/div>\n        <\/div>\n        <div>\n            <div style=\"font-family: Montserrat,sans-serif; font-size: 3rem; font-weight: bold; color: #fff; margin-bottom: 10px;\">\n  10<\/div>\n            <div style=\"font-family: Montserrat,sans-serif; font-size: 0.7rem; color: #666; text-transform: uppercase; letter-spacing: 2px;\">\n  T\u00edtols professionals<\/div>\n        <\/div>\n        <div>\n            <div style=\"font-family: Montserrat,sans-serif; font-size: 3rem; font-weight: bold; color: #fff; margin-bottom: 10px;\">\n  5<\/div>\n            <div style=\"font-family: Montserrat,sans-serif; font-size: 0.7rem; color: #666; text-transform: uppercase; letter-spacing: 2px;\">\n  Pa\u00efsos dirigits<\/div>\n        <\/div>\n        <div>\n            <div style=\"font-family: Montserrat,sans-serif; font-size: 3rem; font-weight: bold; color: #fff; margin-bottom: 10px;\">\n  4<\/div>\n            <div style=\"font-family: Montserrat,sans-serif; font-size: 0.7rem; color: #666; text-transform: uppercase; letter-spacing: 2px;\">\n  Lligues d&#8217;elit<\/div>\n        <\/div>\n    <\/div>\n<\/div>\n<div style=\"background: #111; padding: 0;\">\n    <div style=\"display: grid; grid-template-columns: 1fr 1fr; min-height: 500px;\">\n        <div style=\"background: url('https:\/\/robert-moreno.es\/wp-content\/uploads\/2026\/01\/2019112102323955857.webp') center 20%\/cover no-repeat; min-height: 400px;\">\n        <\/div>\n        <div style=\"display: flex; align-items: center; padding: 60px 80px; background: #1c1c1c;\">\n            <div>\n                <p style=\"font-family: Montserrat,sans-serif; font-size: 1.3rem; color: #fff; line-height: 1.6; font-weight: 300; font-style: italic;\">\n \u00abDirigir el combinat espanyol em va servir per demostrar-me a mi mateix que estava llest per entrenar qualsevol club. Perqu\u00e8 si dirigeixes la Selecci\u00f3 Espanyola de Futbol, pots dirigir qualsevol\n equip del m\u00f3n.\u00bb<\/p>\n                <p style=\"font-family: Montserrat,sans-serif; font-size: 0.7rem; color: #666; text-transform: uppercase; letter-spacing: 2px; margin-top: 20px;\">\n  \u2014 Robert Moreno, Seleccionador d&#8217;Espanya<\/p>\n\n            <\/div>\n        <\/div>\n    <\/div>\n    <div style=\"display: grid; grid-template-columns: 1fr 1fr; min-height: 500px;\">\n        <div style=\"display: flex; align-items: center; padding: 60px 80px; background: #151515;\">\n            <div>\n                <p style=\"font-family: Montserrat,sans-serif; font-size: 1.3rem; color: #fff; line-height: 1.6; font-weight: 300; font-style: italic;\">\n \u00abAnalitzar els partits va ser una forma de diferenciar-me i de trobar un cam\u00ed per arribar a ser professional. La tecnologia i la dada sempre van ser les meves eines.\u00bb<\/p>\n                <p style=\"font-family: Montserrat,sans-serif; font-size: 0.7rem; color: #666; text-transform: uppercase; letter-spacing: 2px; margin-top: 20px;\">\n  \u2014 The Coaches Voice<\/p>\n\n            <\/div>\n        <\/div>\n        <div style=\"background: url('https:\/\/robert-moreno.es\/wp-content\/uploads\/2026\/01\/DSC00280-scaled.webp') center 30%\/cover no-repeat; min-height: 400px;\">\n        <\/div>\n    <\/div>\n<\/div>\n<div style=\"background: #111; padding: 80px 40px; text-align: center;\">\n    <h2 style=\"font-family: Montserrat,sans-serif; font-size: 1.4rem; font-weight: bold; color: #fff; text-transform: uppercase; letter-spacing: 2px; margin-bottom: 60px;\">\n  Equips<\/h2>\n    <div style=\"display: flex; justify-content: center; align-items: center; gap: 50px; flex-wrap: wrap; max-width: 1200px; margin: 0 auto;\">\n        <div style=\"text-align: center; width: 140px;\">\n\n            <img decoding=\"async\" style=\"height: 60px; margin-bottom: 12px; filter: brightness(0) invert(1); opacity: 0.8;\" src=\"https:\/\/robert-moreno.es\/wp-content\/uploads\/2026\/02\/Logo-FC-Barcelona.webp\" alt=\"FC Barcelona\">\n            <div style=\"font-family: Montserrat,sans-serif; font-size: 0.65rem; color: #666; text-transform: uppercase; letter-spacing: 1px;\">\n  2014-2017<\/div>\n        <\/div>\n        <div style=\"text-align: center; width: 140px;\">\n\n            <img decoding=\"async\" style=\"height: 60px; margin-bottom: 12px; opacity: 0.8;\" src=\"https:\/\/robert-moreno.es\/wp-content\/uploads\/2026\/02\/Logo-Espana.png\" alt=\"Espanya\">\n            <div style=\"font-family: Montserrat,sans-serif; font-size: 0.65rem; color: #666; text-transform: uppercase; letter-spacing: 1px;\">\n  2018-2019<\/div>\n        <\/div>\n        <div style=\"text-align: center; width: 140px;\">\n\n            <img decoding=\"async\" style=\"height: 60px; margin-bottom: 12px; filter: brightness(0) invert(1); opacity: 0.8;\" src=\"https:\/\/robert-moreno.es\/wp-content\/uploads\/2026\/02\/Logo-AS-Monaco.webp\" alt=\"AS Monaco\">\n            <div style=\"font-family: Montserrat,sans-serif; font-size: 0.65rem; color: #666; text-transform: uppercase; letter-spacing: 1px;\">\n  2020<\/div>\n        <\/div>\n        <div style=\"text-align: center; width: 140px;\">\n\n            <img decoding=\"async\" style=\"height: 60px; margin-bottom: 12px; filter: brightness(0) invert(1); opacity: 0.8;\" src=\"https:\/\/robert-moreno.es\/wp-content\/uploads\/2026\/02\/Logo-Granada-CF.webp\" alt=\"Granada CF\">\n            <div style=\"font-family: Montserrat,sans-serif; font-size: 0.65rem; color: #666; text-transform: uppercase; letter-spacing: 1px;\">\n  2021<\/div>\n        <\/div>\n        <div style=\"text-align: center; width: 140px;\">\n\n            <img decoding=\"async\" style=\"height: 60px; margin-bottom: 12px; opacity: 0.8;\" src=\"https:\/\/robert-moreno.es\/wp-content\/uploads\/2026\/02\/Logo-PFC-Sochi.webp\" alt=\"PFC Sochi\">\n            <div style=\"font-family: Montserrat,sans-serif; font-size: 0.65rem; color: #666; text-transform: uppercase; letter-spacing: 1px;\">\n  2024-2025<\/div>\n        <\/div>\n    <\/div>\n<\/div>\n\n<style>.rm-dest{padding:80px 40px;background:#1a1a1a;font-family:Montserrat,sans-serif}.rm-dest-inner{max-width:1200px;margin:0 auto}.rm-dest h2{font-size:1.4rem;font-weight:700;color:#fff;text-transform:uppercase;letter-spacing:2px;text-align:center;margin:0 0 50px}.rm-dest-grid{display:grid;grid-template-columns:repeat(3,1fr);gap:24px}.rm-dest-card{display:block;background:#252525;border-radius:12px;overflow:hidden;transition:all .4s ease;text-decoration:none;color:inherit;cursor:pointer}.rm-dest-card:hover{transform:translateY(-6px);box-shadow:0 20px 50px rgba(0,0,0,.5)}.rm-dest-card:hover .rm-dest-title{color:#c9a962}.rm-dest-img{height:380px;background-size:cover;background-position:center top;position:relative}.rm-dest-img::after{content:\"\";position:absolute;inset:0;background:linear-gradient(transparent 50%,rgba(0,0,0,.4))}.rm-dest-body{padding:24px 22px 28px}.rm-dest-title{font-size:1rem;font-weight:700;color:#fff;line-height:1.45;margin:0 0 10px;text-align:center}.rm-dest-excerpt{font-size:.8rem;color:#999;line-height:1.6;text-align:center;margin:0}@media(max-width:768px){.rm-dest-grid{grid-template-columns:1fr}.rm-dest-img{height:280px}}<\/style><div class=\"rm-dest\"><div class=\"rm-dest-inner\"><h2>Destacats<\/h2><div class=\"rm-dest-grid\"><a href=\"https:\/\/robert-moreno.es\/ca\/robert-moreno-a-el-camino-de-mario-el-relat-es-mes-fort-que-la-veritat\/\" class=\"rm-dest-card\"><div class=\"rm-dest-img\" style=\"background-image:url('https:\/\/robert-moreno.es\/wp-content\/uploads\/2026\/03\/WhatsApp-Image-2026-03-10-at-15.44.48-4-768x1024.webp')\"><\/div><div class=\"rm-dest-body\"><h3 class=\"rm-dest-title\">&laquo;Robert Moreno a El Camino de Mario: \u00abEl relat \u00e9s m\u00e9s fort que la veritat\u00bb&raquo;<\/h3><p class=\"rm-dest-excerpt\">&#127908; Podcast &middot; Entrevista Robert Moreno a El Camino de Mario: &laquo;El relat &eacute;s molt m&eacute;s fort que la veritat&raquo;&#8230;<\/p><\/div><\/a><a href=\"https:\/\/robert-moreno.es\/ca\/les-apostes-de-robert-moreno-els-jugadors-que-va-descobrir-i-llancar-a-lestrellat\/\" class=\"rm-dest-card\"><div class=\"rm-dest-img\" style=\"background-image:url('https:\/\/robert-moreno.es\/wp-content\/uploads\/2026\/03\/JuvenilB-Damm-1-e1772547496759-1024x750.png')\"><\/div><div class=\"rm-dest-body\"><h3 class=\"rm-dest-title\">&laquo;Les apostes de Robert Moreno: els jugadors que va descobrir i va llan\u00e7ar a l&#8217;estrellat&raquo;<\/h3><p class=\"rm-dest-excerpt\">\ud83d\udcdd Article Robert Moreno&#8217;s bets: the players he discovered and launched to stardom From the Spanish National Team to Monaco,&#8230;<\/p><\/div><\/a><a href=\"https:\/\/robert-moreno.es\/ca\/el-que-cesc-fabregas-diu-sobre-robert-moreno\/\" class=\"rm-dest-card\"><div class=\"rm-dest-img\" style=\"background-image:url('https:\/\/robert-moreno.es\/wp-content\/uploads\/2026\/03\/As-Roma-leyendo.webp')\"><\/div><div class=\"rm-dest-body\"><h3 class=\"rm-dest-title\">&laquo;El que Cesc F\u00e0bregas diu sobre Robert Moreno&raquo;<\/h3><p class=\"rm-dest-excerpt\">&#128221; Article El que Cesc F&agrave;bregas diu sobre la metodologia de Robert Moreno Les declaracions del migcampista, recollides en m&uacute;ltiples&#8230;<\/p><\/div><\/a><a href=\"https:\/\/robert-moreno.es\/ca\/robert-moreno-i-chatgpt-cronologia-completa-de-la-falsedat-que-es-va-convertir-en-noticia-mundial\/\" class=\"rm-dest-card\"><div class=\"rm-dest-img\" style=\"background-image:url('https:\/\/robert-moreno.es\/wp-content\/uploads\/2026\/02\/ia_futbol_featured.webp')\"><\/div><div class=\"rm-dest-body\"><h3 class=\"rm-dest-title\">&laquo;Robert Moreno i ChatGPT: cronologia completa de la falsedat que es va convertir en not\u00edcia mundial&raquo;<\/h3><p class=\"rm-dest-excerpt\">Dades, fonts i desmentiments d&#8217;una mentida fabricada en tres passos \ud83c\uddec\ud83c\udde7 Read in English Al gener de 2026, una not\u00edcia&#8230;<\/p><\/div><\/a><a href=\"https:\/\/robert-moreno.es\/ca\/mentalitat-esportiva-alt-rendiment-i-lideratge\/\" class=\"rm-dest-card\"><div class=\"rm-dest-img\" style=\"background-image:url('https:\/\/robert-moreno.es\/wp-content\/uploads\/2026\/02\/mentalidad-deportiva-hd.webp')\"><\/div><div class=\"rm-dest-body\"><h3 class=\"rm-dest-title\">&laquo;Mentalitat Esportiva: alt rendiment i lideratge&raquo;<\/h3><p class=\"rm-dest-excerpt\">\ud83c\udfa7 Podcast \u00b7 Entrevista Mentalitat Esportiva: Alt Rendiment i Lideratge Conversa amb David Soler sobre la complexitat de ser entrenador&#8230;<\/p><\/div><\/a><a href=\"https:\/\/robert-moreno.es\/ca\/matchtv-robert-moreno-respon-sobre-chatgpt-i-el-futbol\/\" class=\"rm-dest-card\"><div class=\"rm-dest-img\" style=\"background-image:url('https:\/\/robert-moreno.es\/wp-content\/uploads\/2026\/02\/Captura-de-pantalla-2026-03-02-a-las-13.17.12.webp')\"><\/div><div class=\"rm-dest-body\"><h3 class=\"rm-dest-title\">&laquo;MatchTV: Robert Moreno respon sobre ChatGPT i el futbol&raquo;<\/h3><p class=\"rm-dest-excerpt\">V&iacute;deo &middot; Entrevista La pol&egrave;mica del ChatGPT: la veritat explicada en primera persona Entrevista completa al programa &laquo;Gromko&raquo; de MatchTV&#8230;<\/p><\/div><\/a><\/div><\/div><\/div>\n\n<div style=\"position: relative; min-height: 400px; background: linear-gradient(rgba(0,0,0,0.5),rgba(0,0,0,0.7)),url('https:\/\/robert-moreno.es\/wp-content\/uploads\/2026\/01\/conf-presse-RM-1960.webp') center 20%\/cover no-repeat; display: flex; align-items: center; justify-content: center; text-align: center; padding: 60px 40px;\">\n    <div style=\"max-width: 700px;\">\n        <p style=\"font-family: Montserrat,sans-serif; font-size: 1.4rem; color: #fff; line-height: 1.6; font-weight: 300; font-style: italic;\">\n  \u00abSom el que fem dia a dia. De manera que l&#8217;excel\u00b7l\u00e8ncia no \u00e9s un acte sin\u00f3 un h\u00e0bit.\u00bb<\/p>\n        <p style=\"font-family: Montserrat,sans-serif; font-size: 0.7rem; color: #999; text-transform: uppercase; letter-spacing: 2px; margin-top: 20px;\">\n  \u2014 Arist\u00f2til<\/p>\n\n    <\/div>\n<\/div>\n<div style=\"background: #1c1c1c; padding: 80px 40px; text-align: center;\">\n    <h2 style=\"font-family: Montserrat,sans-serif; font-size: 1.2rem; font-weight: 300; color: #ccc; margin-bottom: 30px;\">\n  Interessat en una col\u00b7laboraci\u00f3 professional?<\/h2>\n    <a style=\"display: inline-block; padding: 16px 48px; background: #007bff; color: #fff; text-decoration: none; text-transform: uppercase; font-size: 0.8rem; letter-spacing: 2px; font-weight: 600; font-family: Montserrat,sans-serif; border-radius: 4px;\" href=\"https:\/\/robert-moreno.es\/ca\/contacte\/\">Contactar<\/a>\n    <div style=\"margin-top: 30px; display: flex; justify-content: center; gap: 24px;\"><a style=\"color: #666; text-decoration: none; font-family: Montserrat,sans-serif; font-size: 0.8rem; text-transform: uppercase; letter-spacing: 1px;\" href=\"https:\/\/www.instagram.com\/robertmoreno\/\" target=\"_blank\" rel=\"noopener\">Instagram<\/a>\n        <a style=\"color: #666; text-decoration: none; font-family: Montserrat,sans-serif; font-size: 0.8rem; text-transform: uppercase; letter-spacing: 1px;\" href=\"https:\/\/www.linkedin.com\/in\/robertmorenogonzalez\/\" target=\"_blank\" rel=\"noopener\">LinkedIn<\/a>\n    <\/div>\n<\/div>\t\t\t\t\t\t\t\t<\/div>\n\t\t\t\t\t<\/div>\n\t\t\t\t<\/div>\n\t\t\t\t<\/div>\n\t\t","protected":false},"excerpt":{"rendered":"<p>Robert Moreno Entrenador d&#8217;Elit | Estrateg | Expert Internacional Saber-ne m\u00e9s \u2192 Robert Moreno no eligi\u00f3 el f\u00fatbol; el f\u00fatbol le eligi\u00f3 a \u00e9l. Entrenador vocacional des dels 14 anys, Moreno representa el perfil del t\u00e8cnic modern: estudi\u00f3s, met\u00f2dic i adaptable. Amb tot just 40 anys, ja havia dirigit una Selecci\u00f3 Campiona del M\u00f3n i [&hellip;]<\/p>\n","protected":false},"author":1,"featured_media":0,"parent":0,"menu_order":0,"comment_status":"closed","ping_status":"closed","template":"elementor_header_footer","meta":{"_angie_page":false,"footnotes":""},"class_list":["post-10188","page","type-page","status-publish","hentry"],"_links":{"self":[{"href":"https:\/\/robert-moreno.es\/ca\/wp-json\/wp\/v2\/pages\/10188","targetHints":{"allow":["GET"]}}],"collection":[{"href":"https:\/\/robert-moreno.es\/ca\/wp-json\/wp\/v2\/pages"}],"about":[{"href":"https:\/\/robert-moreno.es\/ca\/wp-json\/wp\/v2\/types\/page"}],"author":[{"embeddable":true,"href":"https:\/\/robert-moreno.es\/ca\/wp-json\/wp\/v2\/users\/1"}],"replies":[{"embeddable":true,"href":"https:\/\/robert-moreno.es\/ca\/wp-json\/wp\/v2\/comments?post=10188"}],"version-history":[{"count":6,"href":"https:\/\/robert-moreno.es\/ca\/wp-json\/wp\/v2\/pages\/10188\/revisions"}],"predecessor-version":[{"id":10974,"href":"https:\/\/robert-moreno.es\/ca\/wp-json\/wp\/v2\/pages\/10188\/revisions\/10974"}],"wp:attachment":[{"href":"https:\/\/robert-moreno.es\/ca\/wp-json\/wp\/v2\/media?parent=10188"}],"curies":[{"name":"wp","href":"https:\/\/api.w.org\/{rel}","templated":true}]}}