{"id":10172,"date":"2026-02-26T17:36:20","date_gmt":"2026-02-26T16:36:20","guid":{"rendered":"https:\/\/robert-moreno.es\/premsa\/"},"modified":"2026-02-26T17:36:20","modified_gmt":"2026-02-26T16:36:20","slug":"premsa","status":"publish","type":"page","link":"https:\/\/robert-moreno.es\/ca\/premsa\/","title":{"rendered":"Premsa"},"content":{"rendered":"<style>.rm-pw{background:#111;min-height:100vh;padding:50px 0 80px;font-family:Montserrat,sans-serif}.rm-pi{max-width:1100px;margin:0 auto;padding:0 40px}.rm-ph h1{font-size:2.8rem;font-weight:700;color:#fff;text-transform:uppercase;letter-spacing:3px;margin:0 0 14px}.rm-ph p{font-size:1rem;color:#777;line-height:1.7;margin:0 0 40px}.rm-fl{display:flex;flex-wrap:wrap;gap:8px;margin-bottom:40px;padding-bottom:30px;border-bottom:1px solid #222}.rm-fb{background:transparent;color:#888;border:1px solid #333;padding:10px 22px;border-radius:25px;font-family:Montserrat,sans-serif;font-size:.72rem;text-transform:uppercase;letter-spacing:1.2px;font-weight:600;cursor:pointer;transition:all .3s}.rm-fb:hover{color:#fff;border-color:#c9a962}.rm-fb.active{background:#c9a962;color:#111;border-color:#c9a962}.rm-c{display:flex;gap:28px;padding:28px;background:#1a1a1a;border-radius:12px;margin-bottom:18px;border:1px solid #252525;transition:all .35s}.rm-c:hover{transform:translateY(-3px);border-color:#333;box-shadow:0 14px 40px rgba(0,0,0,.4)}.rm-ci{width:260px;min-width:260px;min-height:180px;background-size:cover;background-position:center;border-radius:8px}.rm-cb{flex:1;display:flex;flex-direction:column;justify-content:center}.rm-cc{font-size:.65rem;color:#c9a962;text-transform:uppercase;letter-spacing:1.5px;font-weight:700;margin-bottom:10px}.rm-ct{font-size:1.1rem;color:#fff;font-weight:700;margin:0 0 10px;line-height:1.4}.rm-ce{font-size:.85rem;color:#888;line-height:1.65;margin:0 0 14px}.rm-cd{font-size:.7rem;color:#555;letter-spacing:.5px}@media(max-width:768px){.rm-c{flex-direction:column!important}.rm-ci{width:100%!important;min-width:100%!important;height:200px!important}.rm-ph h1{font-size:2rem}}<\/style><div class=\"rm-pw\"><div class=\"rm-pi\"><div class=\"rm-ph\"><h1>Premsa<\/h1><p>Cobertura medi\u00e0tica, entrevistes, v\u00eddeos i comunicats oficials de Robert Moreno.<\/p><\/div><div class=\"rm-fl\"><button onclick=\"rmF('all')\" class=\"rm-fb active\">Tots<\/button><button onclick=\"rmF('collaboracio')\" class=\"rm-fb\">&#128196; Col\u00b7laboraci\u00f3<\/button><button onclick=\"rmF('comunicats')\" class=\"rm-fb\">&#128196; Comunicats<\/button><button onclick=\"rmF('destacats')\" class=\"rm-fb\">&#128196; Destacats<\/button><button onclick=\"rmF('entrevistes')\" class=\"rm-fb\">&#128196; Entrevistes<\/button><button onclick=\"rmF('lideratge')\" class=\"rm-fb\">&#128196; Lideratge<\/button><button onclick=\"rmF('noticies')\" class=\"rm-fb\">&#128196; Not\u00edcies<\/button><button onclick=\"rmF('premsa')\" class=\"rm-fb\">&#128196; Premsa<\/button><\/div><div id=\"rm-g\"><a href=\"https:\/\/robert-moreno.es\/ca\/robert-moreno-a-el-camino-de-mario-el-relat-es-mes-fort-que-la-veritat\/\" class=\"rm-c\" data-cat=\"destacats\" style=\"text-decoration:none;color:inherit;cursor:pointer\"><div class=\"rm-ci\" style=\"background-image:url('https:\/\/robert-moreno.es\/wp-content\/uploads\/2026\/03\/WhatsApp-Image-2026-03-10-at-15.44.48-4-768x1024.webp')\"><\/div><div class=\"rm-cb\"><span class=\"rm-cc\">&#128196; Destacats<\/span><h3 class=\"rm-ct\">Robert Moreno a El Camino de Mario: \u00abEl relat \u00e9s m\u00e9s fort que la veritat\u00bb<\/h3><p class=\"rm-ce\">&#127908; Podcast &middot; Entrevista Robert Moreno a El Camino de Mario: &laquo;El relat &eacute;s molt m&eacute;s fort que la veritat&raquo; L&rsquo;entrevista m&eacute;s personal de Robert Moreno: or&iacute;gens, gesti&oacute; de vestidors...<\/p><span class=\"rm-cd\">Mar 2026<\/span><\/div><\/a><a href=\"https:\/\/robert-moreno.es\/ca\/robert-moreno-a-tuttomercato-web-el-como-de-cesc-fabregas-esta-fent-evolucionar-tota-la-serie-a\/\" class=\"rm-c\" data-cat=\"entrevistes\" style=\"text-decoration:none;color:inherit;cursor:pointer\"><div class=\"rm-ci\" style=\"background-image:url('https:\/\/robert-moreno.es\/wp-content\/uploads\/2026\/03\/RobertCescTuttoMercato.webp')\"><\/div><div class=\"rm-cb\"><span class=\"rm-cc\">&#128196; Entrevistes<\/span><h3 class=\"rm-ct\">Robert Moreno a TuttoMercato Web: El Como de Cesc F\u00e0bregas est\u00e0 fent evolucionar tota la Serie A<\/h3><p class=\"rm-ce\">&#127908; Entrevista &middot; Premsa Internacional Robert Moreno a TuttoMercato Web: &laquo;El Como de Cesc F&agrave;bregas est&agrave; evolucionant tota la Serie A&raquo; El t&egrave;cnic espanyol analitza el projecte del Como, el...<\/p><span class=\"rm-cd\">Mar 2026<\/span><\/div><\/a><a href=\"https:\/\/robert-moreno.es\/ca\/les-apostes-de-robert-moreno-els-jugadors-que-va-descobrir-i-llancar-a-lestrellat\/\" class=\"rm-c\" data-cat=\"destacats\" style=\"text-decoration:none;color:inherit;cursor:pointer\"><div class=\"rm-ci\" style=\"background-image:url('https:\/\/robert-moreno.es\/wp-content\/uploads\/2026\/03\/JuvenilB-Damm-1-e1772547496759-768x563.png')\"><\/div><div class=\"rm-cb\"><span class=\"rm-cc\">&#128196; Destacats<\/span><h3 class=\"rm-ct\">Les apostes de Robert Moreno: els jugadors que va descobrir i va llan\u00e7ar a l&#8217;estrellat<\/h3><p class=\"rm-ce\">\ud83d\udcdd Article Robert Moreno&#8217;s bets: the players he discovered and launched to stardom From the Spanish National Team to Monaco, Granada and Sochi: a consistent pattern of trust in young...<\/p><span class=\"rm-cd\">Mar 2026<\/span><\/div><\/a><a href=\"https:\/\/robert-moreno.es\/ca\/el-que-cesc-fabregas-diu-sobre-robert-moreno\/\" class=\"rm-c\" data-cat=\"destacats\" style=\"text-decoration:none;color:inherit;cursor:pointer\"><div class=\"rm-ci\" style=\"background-image:url('https:\/\/robert-moreno.es\/wp-content\/uploads\/2026\/03\/As-Roma-leyendo-768x512.webp')\"><\/div><div class=\"rm-cb\"><span class=\"rm-cc\">&#128196; Destacats<\/span><h3 class=\"rm-ct\">El que Cesc F\u00e0bregas diu sobre Robert Moreno<\/h3><p class=\"rm-ce\">&#128221; Article El que Cesc F&agrave;bregas diu sobre la metodologia de Robert Moreno Les declaracions del migcampista, recollides en m&uacute;ltiples mitjans internacionals, revelen l&rsquo;impacte del treball de Moreno a l&rsquo;AS...<\/p><span class=\"rm-cd\">Mar 2026<\/span><\/div><\/a><a href=\"https:\/\/robert-moreno.es\/ca\/entrevista-en-profunditat-amb-mundo-deportivo\/\" class=\"rm-c\" data-cat=\"entrevistes\" style=\"text-decoration:none;color:inherit;cursor:pointer\"><div class=\"rm-ci\" style=\"background-image:url('https:\/\/robert-moreno.es\/wp-content\/uploads\/2026\/03\/Robert-Moreno-_1RS2339-768x576.jpg')\"><\/div><div class=\"rm-cb\"><span class=\"rm-cc\">&#128196; Entrevistes<\/span><h3 class=\"rm-ct\">Entrevista en profunditat amb Mundo Deportivo<\/h3><p class=\"rm-ce\">&#127909; Entrevista &middot; Premsa esportiva Entrevista en profunditat amb Mundo Deportivo La primera gran entrevista com a seleccionador nacional d&rsquo;Espanya &#127908; Mundo Deportivo Agost 2019 1h 23min 5.600+ visualitzacions Context:...<\/p><span class=\"rm-cd\">Mar 2026<\/span><\/div><\/a><a href=\"https:\/\/robert-moreno.es\/ca\/la-porteria-robert-moreno-repassa-la-seva-trajectoria\/\" class=\"rm-c\" data-cat=\"entrevistes\" style=\"text-decoration:none;color:inherit;cursor:pointer\"><div class=\"rm-ci\" style=\"background-image:url('https:\/\/robert-moreno.es\/wp-content\/uploads\/2026\/03\/Captura-de-pantalla-2026-03-03-a-las-10.43.48-768x387.webp')\"><\/div><div class=\"rm-cb\"><span class=\"rm-cc\">&#128196; Entrevistes<\/span><h3 class=\"rm-ct\">La Porteria: Robert Moreno repassa la seva traject\u00f2ria<\/h3><p class=\"rm-ce\">&#128250; Entrevista &middot; Televisi&oacute; La Porteria: Robert Moreno repassa la seva traject&ograve;ria Entrevista a Betev&eacute; sobre la Selecci&oacute; Espanyola, el futur i les lli&ccedil;ons del cam&iacute; &#128250; Betev&eacute; La Porteria...<\/p><span class=\"rm-cd\">Mar 2026<\/span><\/div><\/a><a href=\"https:\/\/robert-moreno.es\/ca\/robert-moreno-i-chatgpt-cronologia-completa-de-la-falsedat-que-es-va-convertir-en-noticia-mundial\/\" class=\"rm-c\" data-cat=\"comunicats\" style=\"text-decoration:none;color:inherit;cursor:pointer\"><div class=\"rm-ci\" style=\"background-image:url('https:\/\/robert-moreno.es\/wp-content\/uploads\/2026\/02\/ia_futbol_featured.webp')\"><\/div><div class=\"rm-cb\"><span class=\"rm-cc\">&#128196; Comunicats<\/span><h3 class=\"rm-ct\">Robert Moreno i ChatGPT: cronologia completa de la falsedat que es va convertir en not\u00edcia mundial<\/h3><p class=\"rm-ce\">Dades, fonts i desmentiments d&#8217;una mentida fabricada en tres passos \ud83c\uddec\ud83c\udde7 Read in English Al gener de 2026, una not\u00edcia va rec\u00f3rrer el m\u00f3n: \u00abUn entrenador de futbol va ser...<\/p><span class=\"rm-cd\">Mar 2026<\/span><\/div><\/a><a href=\"https:\/\/robert-moreno.es\/ca\/mentalitat-esportiva-alt-rendiment-i-lideratge\/\" class=\"rm-c\" data-cat=\"destacats\" style=\"text-decoration:none;color:inherit;cursor:pointer\"><div class=\"rm-ci\" style=\"background-image:url('https:\/\/robert-moreno.es\/wp-content\/uploads\/2026\/02\/mentalidad-deportiva-hd.webp')\"><\/div><div class=\"rm-cb\"><span class=\"rm-cc\">&#128196; Destacats<\/span><h3 class=\"rm-ct\">Mentalitat Esportiva: alt rendiment i lideratge<\/h3><p class=\"rm-ce\">\ud83c\udfa7 Podcast \u00b7 Entrevista Mentalitat Esportiva: Alt Rendiment i Lideratge Conversa amb David Soler sobre la complexitat de ser entrenador \ud83c\udfa7 Mentalidad Deportiva Spotify Gener 2025 \u2248 52 min Sobre...<\/p><span class=\"rm-cd\">Feb 2026<\/span><\/div><\/a><a href=\"https:\/\/robert-moreno.es\/ca\/robert-moreno-torna-al-camp-nou-com-a-rival\/\" class=\"rm-c\" data-cat=\"noticies\" style=\"text-decoration:none;color:inherit;cursor:pointer\"><div class=\"rm-ci\" style=\"background-image:url('https:\/\/robert-moreno.es\/wp-content\/uploads\/2026\/02\/10_camp_nou-768x512.webp')\"><\/div><div class=\"rm-cb\"><span class=\"rm-cc\">&#128196; Not\u00edcies<\/span><h3 class=\"rm-ct\">Robert Moreno torna al Camp Nou com a rival<\/h3><p class=\"rm-ce\">Reportatge especial sobre el retorn de Robert Moreno al Camp Nou, aquesta vegada com a entrenador rival amb el Granada CF, el setembre de 2021. Un moment carregat de simbolisme...<\/p><span class=\"rm-cd\">Feb 2026<\/span><\/div><\/a><a href=\"https:\/\/robert-moreno.es\/ca\/robert-moreno-nou-entrenador-del-granada-cf\/\" class=\"rm-c\" data-cat=\"noticies\" style=\"text-decoration:none;color:inherit;cursor:pointer\"><div class=\"rm-ci\" style=\"background-image:url('https:\/\/robert-moreno.es\/wp-content\/uploads\/2026\/02\/09_granada_cf-768x512.webp')\"><\/div><div class=\"rm-cb\"><span class=\"rm-cc\">&#128196; Not\u00edcies<\/span><h3 class=\"rm-ct\">Robert Moreno, nou entrenador del Granada CF<\/h3><p class=\"rm-ce\">Robert Moreno signa per dues temporades amb el Granada CF, assumint el repte de dirigir a LaLiga Santander despr\u00e9s de la seva etapa a l&#8217;AS M\u00f2naco de la Ligue 1...<\/p><span class=\"rm-cd\">Feb 2026<\/span><\/div><\/a><a href=\"https:\/\/robert-moreno.es\/ca\/primera-convocatoria-com-a-seleccionador-despanya\/\" class=\"rm-c\" data-cat=\"noticies\" style=\"text-decoration:none;color:inherit;cursor:pointer\"><div class=\"rm-ci\" style=\"background-image:url('https:\/\/robert-moreno.es\/wp-content\/uploads\/2026\/02\/06_convocatoria_seleccio-768x512.webp')\"><\/div><div class=\"rm-cb\"><span class=\"rm-cc\">&#128196; Not\u00edcies<\/span><h3 class=\"rm-ct\">Primera convocat\u00f2ria com a seleccionador d&#8217;Espanya<\/h3><p class=\"rm-ce\">Robert Moreno fa p\u00fablica la seva primera llista de convocats com a seleccionador nacional amb plens poders, el 30 d&#8217;agost de 2019. Una convocat\u00f2ria que destaca pel retorn de Paco...<\/p><span class=\"rm-cd\">Feb 2026<\/span><\/div><\/a><a href=\"https:\/\/robert-moreno.es\/ca\/matchtv-robert-moreno-respon-sobre-chatgpt-i-el-futbol\/\" class=\"rm-c\" data-cat=\"destacats\" style=\"text-decoration:none;color:inherit;cursor:pointer\"><div class=\"rm-ci\" style=\"background-image:url('https:\/\/robert-moreno.es\/wp-content\/uploads\/2026\/02\/Captura-de-pantalla-2026-03-02-a-las-13.17.12-768x382.webp')\"><\/div><div class=\"rm-cb\"><span class=\"rm-cc\">&#128196; Destacats<\/span><h3 class=\"rm-ct\">MatchTV: Robert Moreno respon sobre ChatGPT i el futbol<\/h3><p class=\"rm-ce\">V&iacute;deo &middot; Entrevista La pol&egrave;mica del ChatGPT: la veritat explicada en primera persona Entrevista completa al programa &laquo;Gromko&raquo; de MatchTV (R&uacute;ssia) &#127908; MatchTV Subt&iacute;tols en catal&agrave; &asymp; 9 min El...<\/p><span class=\"rm-cd\">Feb 2026<\/span><\/div><\/a><a href=\"https:\/\/robert-moreno.es\/ca\/un-discurs-per-a-la-historia-valors-mes-enlla-de-lesport\/\" class=\"rm-c\" data-cat=\"premsa\" style=\"text-decoration:none;color:inherit;cursor:pointer\"><div class=\"rm-ci\" style=\"background-image:url('https:\/\/robert-moreno.es\/wp-content\/uploads\/2026\/02\/08_la_porteria_beteve-768x450.webp')\"><\/div><div class=\"rm-cb\"><span class=\"rm-cc\">&#128196; Premsa<\/span><h3 class=\"rm-ct\">Un discurs per a la hist\u00f2ria: valors m\u00e9s enll\u00e0 de l&#8217;esport<\/h3><p class=\"rm-ce\">\u25ba V\u00eddeo \u00b7 Rueda de Prensa Un discurso para la historia: va m\u00e1s all\u00e1 de lo deportivo, son valores Las palabras de Robert Moreno que dieron la vuelta al mundo...<\/p><span class=\"rm-cd\">Feb 2026<\/span><\/div><\/a><a href=\"https:\/\/robert-moreno.es\/ca\/panenka-108-robert-moreno-futbol-i-tecnologia\/\" class=\"rm-c\" data-cat=\"entrevistes\" style=\"text-decoration:none;color:inherit;cursor:pointer\"><div class=\"rm-ci\" style=\"background-image:url('https:\/\/robert-moreno.es\/wp-content\/uploads\/2026\/02\/03_panenka_108-768x512.webp')\"><\/div><div class=\"rm-cb\"><span class=\"rm-cc\">&#128196; Entrevistes<\/span><h3 class=\"rm-ct\">Robert Moreno a la Revista Panenka #108<\/h3><p class=\"rm-ce\">\ud83d\udcf0 Entrevista \u00b7 Prensa escrita Robert Moreno en Revista Panenka #108 Entrevista en profundidad sobre t\u00e1ctica, liderazgo y la evoluci\u00f3n del f\u00fatbol moderno Revista Panenka \u2014 N\u00famero 108 Sobre esta...<\/p><span class=\"rm-cd\">Feb 2026<\/span><\/div><\/a><a href=\"https:\/\/robert-moreno.es\/ca\/the-coaches-voice-un-cami-propi-robert-moreno\/\" class=\"rm-c\" data-cat=\"destacats\" style=\"text-decoration:none;color:inherit;cursor:pointer\"><div class=\"rm-ci\" style=\"background-image:url('https:\/\/robert-moreno.es\/wp-content\/uploads\/2026\/02\/02_un_camino_propio-768x521.webp')\"><\/div><div class=\"rm-cb\"><span class=\"rm-cc\">&#128196; Destacats<\/span><h3 class=\"rm-ct\">The Coaches&#8217; Voice: \u00abUn cam\u00ed propi\u00bb \u2014 Robert Moreno<\/h3><p class=\"rm-ce\">&#9658; V&iacute;deo &middot; Entrevista Un cam&iacute; propi Entrevista en profunditat per a The Coaches&#8217; Voice &#127909; The Coaches&#8217; Voice V&iacute;deo documental Sobre aquest v&iacute;deo: Robert Moreno repassa la seva traject&ograve;ria...<\/p><span class=\"rm-cd\">Feb 2026<\/span><\/div><\/a><a href=\"https:\/\/robert-moreno.es\/ca\/robert-moreno-premi-valors-de-lesport-2019\/\" class=\"rm-c\" data-cat=\"noticies\" style=\"text-decoration:none;color:inherit;cursor:pointer\"><div class=\"rm-ci\" style=\"background-image:url('https:\/\/robert-moreno.es\/wp-content\/uploads\/2026\/02\/01_premio_valores-768x512.webp')\"><\/div><div class=\"rm-cb\"><span class=\"rm-cc\">&#128196; Not\u00edcies<\/span><h3 class=\"rm-ct\">Robert Moreno, Premi Valors de l&#8217;Esport 2019<\/h3><p class=\"rm-ce\">Robert Moreno rep el Premi Valors al Millor Entrenador a la II Gala de Premis Valors de l&#8217;Esport, organitzada pel diari SPORT el 16 de desembre de 2019. El reconeixement...<\/p><span class=\"rm-cd\">Feb 2026<\/span><\/div><\/a><a href=\"https:\/\/robert-moreno.es\/ca\/robert-moreno-aconsegueix-lascens-del-pfc-sotxi-a-la-rpl\/\" class=\"rm-c\" data-cat=\"destacats\" style=\"text-decoration:none;color:inherit;cursor:pointer\"><div class=\"rm-ci\" style=\"background-image:url('https:\/\/robert-moreno.es\/wp-content\/uploads\/2026\/02\/VOE_097-2-768x512.webp')\"><\/div><div class=\"rm-cb\"><span class=\"rm-cc\">&#128196; Destacats<\/span><h3 class=\"rm-ct\">Robert Moreno aconsegueix l&#8217;ascens del PFC Sotxi a la RPL<\/h3><p class=\"rm-ce\">L&#8217;entrenador espanyol Robert Moreno ha completat una temporada hist\u00f2rica al capdavant del PFC Sotxi, aconseguint l&#8217;ascens a la Russian Premier League despr\u00e9s d&#8217;una dram\u00e0tica eliminat\u00f2ria de playoff contra el Nizhny...<\/p><span class=\"rm-cd\">Feb 2026<\/span><\/div><\/a><a href=\"https:\/\/robert-moreno.es\/ca\/comunicat-oficial-sortida-del-pfc-sotxi\/\" class=\"rm-c\" data-cat=\"comunicats\" style=\"text-decoration:none;color:inherit;cursor:pointer\"><div class=\"rm-ci\" style=\"background-image:url('https:\/\/robert-moreno.es\/wp-content\/uploads\/2025\/09\/FotocomunicadosalidaSochi-768x752.webp')\"><\/div><div class=\"rm-cb\"><span class=\"rm-cc\">&#128196; Comunicats<\/span><h3 class=\"rm-ct\">Comunicat Oficial \u2013 Sortida del PFC Sotxi<\/h3><p class=\"rm-ce\">&#128203; Comunicat Oficial Comunicat Oficial &mdash; Sortida del PFC Sochi Desvinculaci&oacute; de mutu acord despr&eacute;s d&#8217;un any i vuit mesos al capdavant del projecte esportiu &#128203; Comunicat Oficial PFC Sochi...<\/p><span class=\"rm-cd\">Set 2025<\/span><\/div><\/a><a href=\"https:\/\/robert-moreno.es\/ca\/la-complexitat-de-ser-entrenador-conferencia-a-la-universitat-de-deusto\/\" class=\"rm-c\" data-cat=\"lideratge\" style=\"text-decoration:none;color:inherit;cursor:pointer\"><div class=\"rm-ci\" style=\"background-image:url('https:\/\/robert-moreno.es\/wp-content\/uploads\/2026\/03\/Entrada15-CharlaComplejidad-768x430.webp')\"><\/div><div class=\"rm-cb\"><span class=\"rm-cc\">&#128196; Lideratge<\/span><h3 class=\"rm-ct\">La complexitat de ser entrenador \u2014 Confer\u00e8ncia a la Universitat de Deusto<\/h3><p class=\"rm-ce\">&#127891; Confer&egrave;ncia &middot; Universitat La complexitat de ser entrenador Confer&egrave;ncia &iacute;ntegra a la Universitat de Deusto, Donostia &mdash; organitzada per la Federaci&oacute; Guipuscoana de Futbol &#127891; Universitat de Deusto Gipuzkoako...<\/p><span class=\"rm-cd\">Des 2023<\/span><\/div><\/a><a href=\"https:\/\/robert-moreno.es\/ca\/robert-moreno-analista-a-onda-cero\/\" class=\"rm-c\" data-cat=\"collaboracio\" style=\"text-decoration:none;color:inherit;cursor:pointer\"><div class=\"rm-ci\" style=\"background-image:url('https:\/\/robert-moreno.es\/wp-content\/uploads\/2026\/03\/Entrada16OndaCeroVillarrea-768x1024.webp')\"><\/div><div class=\"rm-cb\"><span class=\"rm-cc\">&#128196; Col\u00b7laboraci\u00f3<\/span><h3 class=\"rm-ct\">Robert Moreno, analista a Onda Cero<\/h3><p class=\"rm-ce\">&#127897; R&agrave;dio &middot; Col&middot;laborador Robert Moreno, analista a Onda Cero Col&middot;laborador habitual a Radioestadio i El Transistor: an&agrave;lisi t&agrave;ctica, opini&oacute; experta i veu autoritzada a la r&agrave;dio esportiva nacional &#127897;...<\/p><span class=\"rm-cd\">Des 2023<\/span><\/div><\/a><a href=\"https:\/\/robert-moreno.es\/ca\/columnista-a-diari-sport\/\" class=\"rm-c\" data-cat=\"collaboracio\" style=\"text-decoration:none;color:inherit;cursor:pointer\"><div class=\"rm-ci\" style=\"background-image:url('https:\/\/robert-moreno.es\/wp-content\/uploads\/2026\/03\/eb279147-cb9b-496b-9d5c-12f820b9fd4e-768x431.webp')\"><\/div><div class=\"rm-cb\"><span class=\"rm-cc\">&#128196; Col\u00b7laboraci\u00f3<\/span><h3 class=\"rm-ct\">Columnista a Diari SPORT<\/h3><p class=\"rm-ce\">&#128240; Columna &middot; Premsa escrita Columnista al Diari SPORT Articles d&rsquo;opini&oacute; i an&agrave;lisi de l&rsquo;actualitat futbol&iacute;stica en un dels principals diaris esportius d&rsquo;Espanya &#128240; Diari SPORT Columnista \/ Articulista 2022...<\/p><span class=\"rm-cd\">Jun 2023<\/span><\/div><\/a><a href=\"https:\/\/robert-moreno.es\/ca\/comentarista-del-mundial-de-qatar-2022\/\" class=\"rm-c\" data-cat=\"collaboracio\" style=\"text-decoration:none;color:inherit;cursor:pointer\"><div class=\"rm-ci\" style=\"background-image:url('https:\/\/robert-moreno.es\/wp-content\/uploads\/2026\/03\/entrada18_mediapro_featured.webp')\"><\/div><div class=\"rm-cb\"><span class=\"rm-cc\">&#128196; Col\u00b7laboraci\u00f3<\/span><h3 class=\"rm-ct\">Comentarista del Mundial de Qatar 2022<\/h3><p class=\"rm-ce\">&#127909; TV &middot; Comentarista Comentarista del Mundial de Qatar 2022 Robert Moreno va participar com a analista i comentarista a la cobertura televisiva del Mundial de Qatar 2022, produ&iuml;da per...<\/p><span class=\"rm-cd\">Nov 2022<\/span><\/div><\/a><a href=\"https:\/\/robert-moreno.es\/ca\/tertulia-esportiu-a-rac1-amb-jordi-baste\/\" class=\"rm-c\" data-cat=\"collaboracio\" style=\"text-decoration:none;color:inherit;cursor:pointer\"><div class=\"rm-ci\" style=\"background-image:url('https:\/\/robert-moreno.es\/wp-content\/uploads\/2026\/03\/entrada20_rac1_featured.webp')\"><\/div><div class=\"rm-cb\"><span class=\"rm-cc\">&#128196; Col\u00b7laboraci\u00f3<\/span><h3 class=\"rm-ct\">Tertuli\u00e0 esportiu a RAC1 amb Jordi Bast\u00e9<\/h3><p class=\"rm-ce\">&#127897; R&agrave;dio &middot; Tertuli&agrave; Tertuli&agrave; esportiu a RAC1 amb Jordi Bast&eacute; Col&middot;laborador a la secci&oacute; d&#8217;esports del programa matinal de Jordi Bast&eacute; a RAC1, l&#8217;emissora l&iacute;der a Catalunya &#127897; RAC1...<\/p><span class=\"rm-cd\">Oct 2022<\/span><\/div><\/a><a href=\"https:\/\/robert-moreno.es\/ca\/collaborador-a-laliga-tv-internacional\/\" class=\"rm-c\" data-cat=\"collaboracio\" style=\"text-decoration:none;color:inherit;cursor:pointer\"><div class=\"rm-ci\" style=\"background-image:url('https:\/\/robert-moreno.es\/wp-content\/uploads\/2026\/03\/entrada19_laliga_featured.webp')\"><\/div><div class=\"rm-cb\"><span class=\"rm-cc\">&#128196; Col\u00b7laboraci\u00f3<\/span><h3 class=\"rm-ct\">Col\u00b7laborador a LaLiga TV Internacional<\/h3><p class=\"rm-ce\">\ud83c\udf10 TV Internacional &middot; Col&middot;laborador Col&middot;laborador a LaLiga TV Internacional Analista habitual als programes en angl&egrave;s del canal internacional de LaLiga, aportant visi&oacute; t&agrave;ctica experta per a l&#8217;audi&egrave;ncia global \ud83c\udf10...<\/p><span class=\"rm-cd\">Set 2022<\/span><\/div><\/a><a href=\"https:\/\/robert-moreno.es\/ca\/soc-fort-com-a-analista-entrevista-a-el-pais\/\" class=\"rm-c\" data-cat=\"entrevistes\" style=\"text-decoration:none;color:inherit;cursor:pointer\"><div class=\"rm-ci\" style=\"background-image:url('https:\/\/robert-moreno.es\/wp-content\/uploads\/2021\/11\/Entrada14Soymasfuertecomoanalista-768x512.jpg')\"><\/div><div class=\"rm-cb\"><span class=\"rm-cc\">&#128196; Entrevistes<\/span><h3 class=\"rm-ct\">\u00abS\u00f3c fort com a analista\u00bb \u2014 Entrevista a El Pa\u00eds<\/h3><p class=\"rm-ce\">&#128240; Entrevista &middot; Premsa Escrita &laquo;S&oacute;c fort com a analista&raquo; Entrevista en profunditat a El Pa&iacute;s sobre metodologia, an&agrave;lisi i la visi&oacute; del futbol modern &#128240; El Pa&iacute;s Ferm&iacute;n Rodr&iacute;guez...<\/p><span class=\"rm-cd\">Nov 2021<\/span><\/div><\/a><\/div><\/div><\/div><script>function rmF(c){document.querySelectorAll(\".rm-fb\").forEach(function(b){b.classList.remove(\"active\")});event.target.classList.add(\"active\");document.querySelectorAll(\".rm-c\").forEach(function(d){d.style.display=(c===\"all\"||d.dataset.cat===c)?\"flex\":\"none\"})}<\/script>\n","protected":false},"excerpt":{"rendered":"","protected":false},"author":1,"featured_media":0,"parent":0,"menu_order":0,"comment_status":"closed","ping_status":"closed","template":"elementor_header_footer","meta":{"_angie_page":false,"footnotes":""},"class_list":["post-10172","page","type-page","status-publish","hentry"],"_links":{"self":[{"href":"https:\/\/robert-moreno.es\/ca\/wp-json\/wp\/v2\/pages\/10172","targetHints":{"allow":["GET"]}}],"collection":[{"href":"https:\/\/robert-moreno.es\/ca\/wp-json\/wp\/v2\/pages"}],"about":[{"href":"https:\/\/robert-moreno.es\/ca\/wp-json\/wp\/v2\/types\/page"}],"author":[{"embeddable":true,"href":"https:\/\/robert-moreno.es\/ca\/wp-json\/wp\/v2\/users\/1"}],"replies":[{"embeddable":true,"href":"https:\/\/robert-moreno.es\/ca\/wp-json\/wp\/v2\/comments?post=10172"}],"version-history":[{"count":0,"href":"https:\/\/robert-moreno.es\/ca\/wp-json\/wp\/v2\/pages\/10172\/revisions"}],"wp:attachment":[{"href":"https:\/\/robert-moreno.es\/ca\/wp-json\/wp\/v2\/media?parent=10172"}],"curies":[{"name":"wp","href":"https:\/\/api.w.org\/{rel}","templated":true}]}}